{"id":12,"date":"2026-01-09T10:59:19","date_gmt":"2026-01-09T16:59:19","guid":{"rendered":"https:\/\/hndesserts.com\/?page_id=12"},"modified":"2026-03-18T15:44:19","modified_gmt":"2026-03-18T20:44:19","slug":"home","status":"publish","type":"page","link":"https:\/\/hndesserts.com\/es\/","title":{"rendered":"Inicio"},"content":{"rendered":"<div class=\"et_pb_section_0 et_pb_section et_section_regular et_flex_section\">\n<div class=\"et_pb_row_0 et_pb_row et_flex_row\">\n<div class=\"et_pb_column_0 et_pb_column et-last-child et_flex_column et_pb_css_mix_blend_mode_passthrough et_flex_column_24_24 et_flex_column_24_24_tablet et_flex_column_24_24_phone\">\n<div class=\"et_pb_group_carousel_0 et_pb_group_carousel et_pb_group et_pb_module et_pb_group_carousel_arrows_inside et_pb_group_carousel_dots_center et_pb_group_carousel_dots_overlay et_animated\"><div class=\"et_pb_group_carousel_container\"><div class=\"et_pb_group_carousel_track\"><div class=\"et_pb_group_carousel_slide\"><div class=\"et_pb_group_0 et_pb_group et_pb_module et_flex_group et_pb_css_mix_blend_mode_passthrough\">\n<div class=\"et_pb_image_0 et_pb_image et_pb_image_sticky et_animated et_pb_module et_flex_module\"><span class=\"et_pb_image_wrap\"><img loading=\"lazy\" decoding=\"async\" src=\"https:\/\/hndesserts.com\/wp-content\/uploads\/2026\/02\/Current_Logo.webp\" title=\"Current_Logo\" width=\"500\" height=\"499\" srcset=\"https:\/\/hndesserts.com\/wp-content\/uploads\/2026\/02\/Current_Logo.webp 500w, https:\/\/hndesserts.com\/wp-content\/uploads\/2026\/02\/Current_Logo-480x479.webp 480w\" sizes=\"(min-width: 0px) and (max-width: 480px) 480px, (min-width: 481px) 500px, 100vw\" class=\"wp-image-250\" alt=\"H&amp;N Desserts Logo\" \/><\/span><\/div>\n\n<div class=\"et_pb_heading_0 et_pb_heading et_pb_module et_flex_module\"><div class=\"et_pb_heading_container\"><h1 class=\"et_pb_module_header\">H&N DESSERTS<\/h1><\/div><\/div>\n\n<div class=\"et_pb_heading_1 et_pb_heading et_pb_module et_flex_module\"><div class=\"et_pb_heading_container\"><h2 class=\"et_pb_module_header\">\u00a1Preparamos lo \u201cdelicioso\u201d para ti!<\/h2><\/div><\/div>\n\n<div class=\"et_pb_heading_2 et_pb_heading et_pb_module et_flex_module\"><div class=\"et_pb_heading_container\"><h1 class=\"et_pb_module_header\">~ Una empresa familiar ~<\/h1><\/div><\/div>\n<\/div><\/div><div class=\"et_pb_group_carousel_slide\"><div class=\"et_pb_group_1 et_pb_group et-last-child et_pb_module et_flex_group et_pb_css_mix_blend_mode_passthrough\"><\/div><\/div><\/div><\/div><span class=\"et_pb_group_carousel_arrow et_pb_group_carousel_arrow_prev\" role=\"button\" tabindex=\"0\" aria-label=\"Previous slide\"><span class=\"et-pb-icon\">4<\/span><\/span><span class=\"et_pb_group_carousel_arrow et_pb_group_carousel_arrow_next\" role=\"button\" tabindex=\"0\" aria-label=\"Next slide\"><span class=\"et-pb-icon\">5<\/span><\/span><div class=\"et_pb_group_carousel_dots\"><\/div><\/div>\n<\/div>\n<\/div>\n<\/div>\n\n<div class=\"et_pb_section_1 et_pb_section et_section_regular et_flex_section\">\n<div class=\"et_pb_row_1 et_pb_row et_flex_row et_animated\">\n<div class=\"et_pb_column_1 et_pb_column et_flex_column et_pb_css_mix_blend_mode_passthrough et_flex_column_2_5 et_flex_column_2_5_tablet et_flex_column_24_24_phone\">\n<div class=\"et_pb_image_1 et_pb_image et_pb_module et_flex_module\"><span class=\"et_pb_image_wrap\"><img loading=\"lazy\" decoding=\"async\" src=\"https:\/\/hndesserts.com\/wp-content\/uploads\/2026\/01\/Delivery_1.webp\" alt=\"A restaurant customer receiving a dessert sampler.\" title=\"Delivery_1\" width=\"960\" height=\"960\" srcset=\"https:\/\/hndesserts.com\/wp-content\/uploads\/2026\/01\/Delivery_1.webp 960w, https:\/\/hndesserts.com\/wp-content\/uploads\/2026\/01\/Delivery_1-480x480.webp 480w\" sizes=\"(min-width: 0px) and (max-width: 480px) 480px, (min-width: 481px) 960px, 100vw\" class=\"wp-image-83\" \/><\/span><\/div>\n<\/div>\n\n<div class=\"et_pb_column_2 et_pb_column et-last-child et_flex_column et_pb_css_mix_blend_mode_passthrough et_flex_column_3_5 et_flex_column_3_5_tablet et_flex_column_24_24_phone\">\n<div class=\"et_pb_heading_3 et_pb_heading et_pb_module et_flex_module\"><div class=\"et_pb_heading_container\"><h2 class=\"et_pb_module_header\">Proveemos a clientes grandes y peque\u00f1os.<\/h2><\/div><\/div>\n\n<div class=\"et_pb_text_0 et_pb_text et_pb_bg_layout_light et_pb_module et_flex_module\"><div class=\"et_pb_text_inner\"><p>Nuestro enfoque principal es surtir postres de alta calidad a restaurantes de todos los tama\u00f1os. Somos un negocio familiar con amplia experiencia en el sector de restaurantes y hospitalidad, por lo que sabemos exactamente qu\u00e9 esperan nuestros clientes de nosotros.<\/p>\n<p>Si buscas un proveedor de postres frescos hechos a mano, has llegado al lugar correcto.<\/p>\n<p>\u00bfEs usted alguien que busca postres para un d\u00eda festivo, un cumplea\u00f1os o un evento privado? \u00a1Nosotros tambi\u00e9n podemos hacer eso!<\/p>\n<\/div><\/div>\n\n<div class=\"et_pb_module et_pb_button_module_wrapper et_pb_button_0_wrapper\"><a class=\"et_pb_button_0 et_pb_button et_pb_bg_layout_light et_pb_module et_flex_module\" href=\"\/es\/our-menu\/\">Ver Nuestro Men\u00fa<\/a><\/div>\n<\/div>\n<\/div>\n<\/div>\n\n<div class=\"et_pb_section_2 et_pb_section et_section_regular et_flex_section\">\n<div class=\"et_pb_row_2 et_pb_row et_flex_row et_animated\">\n<div class=\"et_pb_column_3 et_pb_column et_flex_column et_pb_css_mix_blend_mode_passthrough et_flex_column_3_5 et_flex_column_3_5_tablet et_flex_column_24_24_phone\">\n<div class=\"et_pb_heading_4 et_pb_heading et_pb_module et_flex_module\"><div class=\"et_pb_heading_container\"><h2 class=\"et_pb_module_header\">Catering Privado<\/h2><\/div><\/div>\n\n<div class=\"et_pb_text_1 et_pb_text et_pb_bg_layout_light et_pb_module et_flex_module\"><div class=\"et_pb_text_inner\"><p>Tambi\u00e9n realizamos catering para eventos privados o corporativos. Podemos hacer que el curso de postres sea algo de lo que la gente hable durante mucho tiempo despu\u00e9s. Solo cont\u00e1ctanos con los detalles y estaremos encantados de platicar sobre un men\u00fa y opciones de precios.<\/p>\n<\/div><\/div>\n\n<div class=\"et_pb_module et_pb_button_module_wrapper et_pb_button_1_wrapper\"><a class=\"et_pb_button_1 et_pb_button et_pb_bg_layout_light et_pb_module et_flex_module\" href=\"\/es\/our-menu\/\">Ver Nuestro Men\u00fa<\/a><\/div>\n<\/div>\n\n<div class=\"et_pb_column_4 et_pb_column et-last-child et_flex_column et_pb_css_mix_blend_mode_passthrough et_flex_column_2_5 et_flex_column_2_5_tablet et_flex_column_24_24_phone\">\n<div class=\"et_pb_image_2 et_pb_image et_pb_module et_flex_module\"><span class=\"et_pb_image_wrap\"><img loading=\"lazy\" decoding=\"async\" src=\"https:\/\/hndesserts.com\/wp-content\/uploads\/2026\/01\/Delivery_2.webp\" alt=\"Delivering to a private party.\" title=\"Delivery_2\" width=\"960\" height=\"960\" srcset=\"https:\/\/hndesserts.com\/wp-content\/uploads\/2026\/01\/Delivery_2.webp 960w, https:\/\/hndesserts.com\/wp-content\/uploads\/2026\/01\/Delivery_2-480x480.webp 480w\" sizes=\"(min-width: 0px) and (max-width: 480px) 480px, (min-width: 481px) 960px, 100vw\" class=\"wp-image-84\" \/><\/span><\/div>\n<\/div>\n<\/div>\n<\/div>","protected":false},"excerpt":{"rendered":"","protected":false},"author":1,"featured_media":0,"parent":0,"menu_order":0,"comment_status":"closed","ping_status":"closed","template":"","meta":{"footnotes":""},"class_list":["post-12","page","type-page","status-publish","hentry"],"_links":{"self":[{"href":"https:\/\/hndesserts.com\/es\/wp-json\/wp\/v2\/pages\/12","targetHints":{"allow":["GET"]}}],"collection":[{"href":"https:\/\/hndesserts.com\/es\/wp-json\/wp\/v2\/pages"}],"about":[{"href":"https:\/\/hndesserts.com\/es\/wp-json\/wp\/v2\/types\/page"}],"author":[{"embeddable":true,"href":"https:\/\/hndesserts.com\/es\/wp-json\/wp\/v2\/users\/1"}],"replies":[{"embeddable":true,"href":"https:\/\/hndesserts.com\/es\/wp-json\/wp\/v2\/comments?post=12"}],"version-history":[{"count":62,"href":"https:\/\/hndesserts.com\/es\/wp-json\/wp\/v2\/pages\/12\/revisions"}],"predecessor-version":[{"id":611,"href":"https:\/\/hndesserts.com\/es\/wp-json\/wp\/v2\/pages\/12\/revisions\/611"}],"wp:attachment":[{"href":"https:\/\/hndesserts.com\/es\/wp-json\/wp\/v2\/media?parent=12"}],"curies":[{"name":"wp","href":"https:\/\/api.w.org\/{rel}","templated":true}]}}